{"id":27,"date":"2024-07-08T02:58:53","date_gmt":"2024-07-08T02:58:53","guid":{"rendered":"https:\/\/demo.casethemes.net\/condo\/?page_id=27"},"modified":"2025-05-15T20:46:06","modified_gmt":"2025-05-15T19:46:06","slug":"contact","status":"publish","type":"page","link":"https:\/\/sored.es\/es\/contact\/","title":{"rendered":"Contacto"},"content":{"rendered":"<div data-elementor-type=\"wp-page\" data-elementor-id=\"27\" class=\"elementor elementor-27\">\n\t\t\t\t        <section class=\"elementor-section elementor-top-section elementor-element elementor-element-71f56a1 elementor-section-stretched elementor-section-boxed elementor-section-height-default elementor-section-height-default pxl-row-scroll-none pxl-zoom-point-false pxl-section-overflow-visible pxl-section-fix-none pxl-bg-color-none pxl-section-overlay-none\" data-id=\"71f56a1\" data-element_type=\"section\" data-settings=\"{&quot;stretch_section&quot;:&quot;section-stretched&quot;}\">\n\n                \n                <div class=\"elementor-container elementor-column-gap-extended\">\n                <div class=\"elementor-column elementor-col-50 elementor-top-column elementor-element elementor-element-d8a3059 pxl-column-none pxl-column-overflow-hidden-no\" data-id=\"d8a3059\" data-element_type=\"column\">\r\n        <div class=\"elementor-widget-wrap elementor-element-populated\">\r\n                     \r\n        \t\t<div class=\"elementor-element elementor-element-798d81a elementor-widget elementor-widget-pxl_heading\" data-id=\"798d81a\" data-element_type=\"widget\" data-widget_type=\"pxl_heading.default\">\n\t\t\t\t<div class=\"elementor-widget-container\">\n\t\t\t\t\t\n<div id=\"pxl-pxl_heading-798d81a-6595\" class=\"pxl-heading px-sub-title-default-style\">\n\t<div class=\"pxl-heading--inner\">\n\t\t<div class=\"pxl-heading-content\">\n\t\t\t\t\t\t\t<div class=\"pxl-item--subtitle px-sub-title-default\" data-wow-delay=\"ms\">\n\t\t\t\t\t<span class=\"pxl-item--subtext\">\n\t\t\t\t\t\t\t\t\t\t\t\tContacta con Sored Multiservicios\t\t\t\t\t<\/span>\n\t\t\t\t<\/div>\n\t\t\t\n\t\t\t<h3 class=\"pxl-item--title style-default highlight-default pxl-split-text split-in-up\" data-wow-delay=\"300ms\">\n\t\t\t\t\n\t\t\t\t\n\t\t\t\t\t\t\t\t\tCont\u00e1ctanos hoy\t\n\t\t\t\t\t\n\t\t\t<\/h3>\n\t\t<\/div>\n\t<\/div>\n<\/div>\t\t\t\t<\/div>\n\t\t\t\t<\/div>\n\t\t        <section class=\"elementor-section elementor-inner-section elementor-element elementor-element-d1303a9 elementor-section-boxed elementor-section-height-default elementor-section-height-default pxl-row-scroll-none pxl-zoom-point-false pxl-section-overflow-visible pxl-section-fix-none pxl-bg-color-none pxl-section-overlay-none\" data-id=\"d1303a9\" data-element_type=\"section\">\n\n                \n                <div class=\"elementor-container elementor-column-gap-extended\">\n                <div class=\"elementor-column elementor-col-33 elementor-inner-column elementor-element elementor-element-4a88919 pxl-main-pricing pxl-column-none pxl-column-overflow-hidden-no\" data-id=\"4a88919\" data-element_type=\"column\">\r\n        <div class=\"elementor-widget-wrap elementor-element-populated\">\r\n                     \r\n        \t\t<div class=\"elementor-element elementor-element-87f5140 elementor-widget elementor-widget-pxl_icon_box\" data-id=\"87f5140\" data-element_type=\"widget\" data-widget_type=\"pxl_icon_box.default\">\n\t\t\t\t<div class=\"elementor-widget-container\">\n\t\t\t\t\t<div class=\"pxl-icon-box pxl-icon-box1\">\r\n\t<div class=\"pxl-item-inner wow fadeInUp\" data-wow-delay=\"500ms\">\r\n\t\t<div class=\"pxl-meta-content\">\r\n\t\t\t                <div class=\"pxl-item--icon\">\r\n                    <i aria-hidden=\"true\" class=\"fas fa-map-marker-alt\"><\/i>                <\/div>\r\n                                    <h5 class=\"pxl-item-title\">\r\n            \tUbicaci\u00f3n            <\/h5>\r\n\t\t\t<div class=\"content-inner\">\r\n\t\t\t\t<div class=\"pxl-title-link\">\r\n\t\t\t\t\t<a >\r\n\t\t\t\t\t\tMadrid, Spain\t\t\t\t\t<\/a>\r\n\t\t\t\t<\/div>\r\n\t\t\t\t<div class=\"pxl-title-link\">\r\n\t\t\t\t\t<a >\r\n\t\t\t\t\t\t\t\t\t\t\t<\/a>\r\n\t\t\t\t<\/div>\r\n\t\t\t<\/div>\r\n\t\t<\/div>\r\n\t<\/div>\r\n<\/div>\t\t\t\t<\/div>\n\t\t\t\t<\/div>\n\t\t            <\/div>\r\n        <\/div>\r\n                <div class=\"elementor-column elementor-col-33 elementor-inner-column elementor-element elementor-element-503587d pxl-main-pricing pxl-column-none pxl-column-overflow-hidden-no\" data-id=\"503587d\" data-element_type=\"column\">\r\n        <div class=\"elementor-widget-wrap elementor-element-populated\">\r\n                     \r\n        \t\t<div class=\"elementor-element elementor-element-2ef3ba8 elementor-widget elementor-widget-pxl_icon_box\" data-id=\"2ef3ba8\" data-element_type=\"widget\" data-widget_type=\"pxl_icon_box.default\">\n\t\t\t\t<div class=\"elementor-widget-container\">\n\t\t\t\t\t<div class=\"pxl-icon-box pxl-icon-box1\">\r\n\t<div class=\"pxl-item-inner wow fadeInUp\" data-wow-delay=\"700ms\">\r\n\t\t<div class=\"pxl-meta-content\">\r\n\t\t\t                <div class=\"pxl-item--icon\">\r\n                    <i aria-hidden=\"true\" class=\"fas fa-phone-alt\"><\/i>                <\/div>\r\n                                    <h5 class=\"pxl-item-title\">\r\n            \tTel\u00e9fono            <\/h5>\r\n\t\t\t<div class=\"content-inner\">\r\n\t\t\t\t<div class=\"pxl-title-link\">\r\n\t\t\t\t\t<a href=\"tel:+34627267333\">\r\n\t\t\t\t\t\t+34 627 26 73 33\t\t\t\t\t<\/a>\r\n\t\t\t\t<\/div>\r\n\t\t\t\t<div class=\"pxl-title-link\">\r\n\t\t\t\t\t<a >\r\n\t\t\t\t\t\t\t\t\t\t\t<\/a>\r\n\t\t\t\t<\/div>\r\n\t\t\t<\/div>\r\n\t\t<\/div>\r\n\t<\/div>\r\n<\/div>\t\t\t\t<\/div>\n\t\t\t\t<\/div>\n\t\t            <\/div>\r\n        <\/div>\r\n                <div class=\"elementor-column elementor-col-33 elementor-inner-column elementor-element elementor-element-34f5293 pxl-main-pricing pxl-column-none pxl-column-overflow-hidden-no\" data-id=\"34f5293\" data-element_type=\"column\">\r\n        <div class=\"elementor-widget-wrap elementor-element-populated\">\r\n                     \r\n        \t\t<div class=\"elementor-element elementor-element-0ff0426 elementor-widget elementor-widget-pxl_icon_box\" data-id=\"0ff0426\" data-element_type=\"widget\" data-widget_type=\"pxl_icon_box.default\">\n\t\t\t\t<div class=\"elementor-widget-container\">\n\t\t\t\t\t<div class=\"pxl-icon-box pxl-icon-box1\">\r\n\t<div class=\"pxl-item-inner wow fadeInUp\" data-wow-delay=\"700ms\">\r\n\t\t<div class=\"pxl-meta-content\">\r\n\t\t\t                <div class=\"pxl-item--icon\">\r\n                    <i aria-hidden=\"true\" class=\"fas fa-mail-bulk\"><\/i>                <\/div>\r\n                                    <h5 class=\"pxl-item-title\">\r\n            \tEmail            <\/h5>\r\n\t\t\t<div class=\"content-inner\">\r\n\t\t\t\t<div class=\"pxl-title-link\">\r\n\t\t\t\t\t<a href=\"mailto:info@sored.es\">\r\n\t\t\t\t\t\tinfo@sored.es\t\t\t\t\t<\/a>\r\n\t\t\t\t<\/div>\r\n\t\t\t\t<div class=\"pxl-title-link\">\r\n\t\t\t\t\t<a >\r\n\t\t\t\t\t\t\t\t\t\t\t<\/a>\r\n\t\t\t\t<\/div>\r\n\t\t\t<\/div>\r\n\t\t<\/div>\r\n\t<\/div>\r\n<\/div>\t\t\t\t<\/div>\n\t\t\t\t<\/div>\n\t\t            <\/div>\r\n        <\/div>\r\n        \t\t\t<\/div>\n\t\t<\/section>\n\t\t\t\t<div class=\"elementor-element elementor-element-af093e1 elementor-widget elementor-widget-pxl_text_editor\" data-id=\"af093e1\" data-element_type=\"widget\" data-widget_type=\"pxl_text_editor.default\">\n\t\t\t\t<div class=\"elementor-widget-container\">\n\t\t\t\t\t<div class=\"pxl-text-editor\">\n\t<div class=\"pxl-item--inner\" data-wow-delay=\"ms\">\n\t\t<p class=\"\" data-start=\"152\" data-end=\"440\"><strong data-start=\"152\" data-end=\"175\">Estamos aqu\u00ed para ayudar.<\/strong> Estamos aqu\u00ed para ayudarte. Si est\u00e1s planeando una renovaci\u00f3n, necesitas un presupuesto r\u00e1pido o simplemente tienes alguna pregunta sobre nuestros servicios, no dudes en contactarnos. El equipo <strong data-start=\"317\" data-end=\"341\">Sored Multiservicios<\/strong> est\u00e1 listo para ayudarte en cada paso del proceso. \u00a1Hagamos realidad tu proyecto! \u00a1Cont\u00e1ctanos hoy mismo!<\/p>\t\t\n\t<\/div>\n<\/div>\t\t\t\t<\/div>\n\t\t\t\t<\/div>\n\t\t            <\/div>\r\n        <\/div>\r\n                <div class=\"elementor-column elementor-col-50 elementor-top-column elementor-element elementor-element-6e8f0c9 pxl-column-none pxl-column-overflow-hidden-no\" data-id=\"6e8f0c9\" data-element_type=\"column\">\r\n        <div class=\"elementor-widget-wrap elementor-element-populated\">\r\n                     \r\n        \t\t<div class=\"elementor-element elementor-element-cb6f9d5 elementor-widget elementor-widget-pxl_contact_form\" data-id=\"cb6f9d5\" data-element_type=\"widget\" data-widget_type=\"pxl_contact_form.default\">\n\t\t\t\t<div class=\"elementor-widget-container\">\n\t\t\t\t\t    <div class=\"pxl-contact-form pxl-contact-form1 btn-w-auto\" data-wow-delay=\"ms\">\r\n        \n<div class=\"wpcf7 no-js\" id=\"wpcf7-f1935-o1\" lang=\"en-US\" dir=\"ltr\" data-wpcf7-id=\"1935\">\n<div class=\"screen-reader-response\"><p role=\"status\" aria-live=\"polite\" aria-atomic=\"true\"><\/p> <ul><\/ul><\/div>\n<form action=\"\/es\/wp-json\/wp\/v2\/pages\/27#wpcf7-f1935-o1\" method=\"post\" class=\"wpcf7-form init\" aria-label=\"Contact form\" novalidate=\"novalidate\" data-status=\"init\" data-trp-original-action=\"\/es\/wp-json\/wp\/v2\/pages\/27#wpcf7-f1935-o1\">\n<div style=\"display: none;\">\n<input type=\"hidden\" name=\"_wpcf7\" value=\"1935\" \/>\n<input type=\"hidden\" name=\"_wpcf7_version\" value=\"6.0.3\" \/>\n<input type=\"hidden\" name=\"_wpcf7_locale\" value=\"en_US\" \/>\n<input type=\"hidden\" name=\"_wpcf7_unit_tag\" value=\"wpcf7-f1935-o1\" \/>\n<input type=\"hidden\" name=\"_wpcf7_container_post\" value=\"0\" \/>\n<input type=\"hidden\" name=\"_wpcf7_posted_data_hash\" value=\"\" \/>\n<input type=\"hidden\" name=\"_wpcf7_recaptcha_response\" value=\"\" \/>\n<\/div>\n<div class=\"contact3\">\n\t<div class=\"pxl-item-checkbox\">\n\t\t<div class=\"pxl-checkbox-title\">\n\t\t\t<p>\u00bfC\u00f3mo podemos ayudarle?\n\t\t\t<\/p>\n\t\t<\/div>\n\t\t<div class=\"pxl-checkbox-content\">\n\t\t\t<p><span class=\"wpcf7-form-control-wrap\" data-name=\"your-fruit\"><br \/>\n<span class=\"wpcf7-form-control wpcf7-checkbox wpcf7-validates-as-required wpcf7-exclusive-checkbox\"><br \/>\n<span class=\"wpcf7-list-item first\"><br \/>\n<input type=\"checkbox\" id=\"consulting\" name=\"your-fruit\" value=\"consulting\" \/><br \/>\n<label class=\"wpcf7-list-item-label\" for=\"consulting\">Consultante<\/label><br \/>\n<\/span><br \/>\n<span class=\"wpcf7-list-item\"><br \/>\n<input type=\"checkbox\" id=\"community\" name=\"your-fruit\" value=\"community\" \/><br \/>\n<label class=\"wpcf7-list-item-label\" for=\"community\">Comunidad<\/label><br \/>\n<\/span><br \/>\n<span class=\"wpcf7-list-item\"><br \/>\n<input type=\"checkbox\" id=\"industry\" name=\"your-fruit\" value=\"industry\" \/><br \/>\n<label class=\"wpcf7-list-item-label\" for=\"industry\">Industria<\/label><br \/>\n<\/span><br \/>\n<span class=\"wpcf7-list-item\"><br \/>\n<input type=\"checkbox\" id=\"design\" name=\"your-fruit\" value=\"design\" \/><br \/>\n<label class=\"wpcf7-list-item-label\" for=\"design\">Dise\u00f1o<\/label><br \/>\n<\/span><br \/>\n<span class=\"wpcf7-list-item\"><br \/>\n<input type=\"checkbox\" id=\"communication\" name=\"your-fruit\" value=\"communication\" \/><br \/>\n<label class=\"wpcf7-list-item-label\" for=\"communication\">Comunicaci\u00f3n<\/label><br \/>\n<\/span><br \/>\n<span class=\"wpcf7-list-item\"><br \/>\n<input type=\"checkbox\" id=\"others\" name=\"your-fruit\" value=\"others\" \/><br \/>\n<label class=\"wpcf7-list-item-label\" for=\"others\">Otros<\/label><br \/>\n<\/span><br \/>\n<\/span><br \/>\n<\/span>\n\t\t\t<\/p>\n\t\t<\/div>\n\t<\/div>\n\t<div class=\"form pxl-item-name\">\n\t\t<p><span class=\"comment-text\">Nombre<\/span><br \/>\n<span class=\"wpcf7-form-control-wrap\" data-name=\"text-484\"><input size=\"40\" maxlength=\"400\" class=\"wpcf7-form-control wpcf7-text wpcf7-validates-as-required\" aria-required=\"true\" aria-invalid=\"false\" placeholder=\"Su nombre\" value=\"\" type=\"text\" name=\"text-484\" \/><\/span>\n\t\t<\/p>\n\t<\/div>\n\t<div class=\"form pxl-item-phone\">\n\t\t<p><span class=\"comment-text\">Tel\u00e9fono:<\/span><br \/>\n<span class=\"wpcf7-form-control-wrap\" data-name=\"tel-913\"><input size=\"40\" maxlength=\"400\" class=\"wpcf7-form-control wpcf7-tel wpcf7-validates-as-required wpcf7-text wpcf7-validates-as-tel\" aria-required=\"true\" aria-invalid=\"false\" placeholder=\"\" value=\"\" type=\"tel\" name=\"tel-913\" \/><\/span>\n\t\t<\/p>\n\t<\/div>\n\t<div class=\"form pxl-item-email\">\n\t\t<p><span class=\"comment-text\">Email:<\/span><br \/>\n<span class=\"wpcf7-form-control-wrap\" data-name=\"email-761\"><input size=\"40\" maxlength=\"400\" class=\"wpcf7-form-control wpcf7-email wpcf7-validates-as-required wpcf7-text wpcf7-validates-as-email\" aria-required=\"true\" aria-invalid=\"false\" placeholder=\"\" value=\"\" type=\"email\" name=\"email-761\" \/><\/span>\n\t\t<\/p>\n\t<\/div>\n\t<div class=\"form pxl-item-message\">\n\t\t<p><span class=\"comment-text\">Mensaje:<\/span><br \/>\n<span class=\"wpcf7-form-control-wrap\" data-name=\"textarea-648\"><textarea cols=\"40\" rows=\"10\" maxlength=\"2000\" class=\"wpcf7-form-control wpcf7-textarea wpcf7-validates-as-required\" aria-required=\"true\" aria-invalid=\"false\" placeholder=\"Escribe tu mensaje aqu\u00ed...\" name=\"textarea-648\"><\/textarea><\/span>\n\t\t<\/p>\n\t<\/div>\n\t<div class=\"pol-privacidad\" style=\"margin-bottom: 10px;\">\n\t\t<p><span class=\"wpcf7-form-control-wrap\" data-name=\"checkbox-152\"><span class=\"wpcf7-form-control wpcf7-checkbox wpcf7-validates-as-required\"><span class=\"wpcf7-list-item first last\"><input type=\"checkbox\" name=\"checkbox-152[]\" value=\"I have read and agree to the Privacy Policy.\" \/><span class=\"wpcf7-list-item-label\">He le\u00eddo y acepto la Pol\u00edtica de Privacidad.<\/span><\/span><\/span><\/span><br \/>\n<span style=\"margin-left: 30px;\"><a href=\"\/es\/privacy-policy\/\" target=\"_blank\">Ir a Pol\u00edtica de Privacidad<\/a><\/span>\n\t\t<\/p>\n\t<\/div>\n<span class=\"wpcf7-form-control-wrap recaptcha\" data-name=\"recaptcha\"><span data-sitekey=\"6LcS3TgrAAAAADgde99W7yUhYxSG9WsPn4v2FTsa\" class=\"wpcf7-form-control wpcf7-recaptcha g-recaptcha\"><\/span>\r\n<noscript>\r\n\t<div class=\"grecaptcha-noscript\">\r\n\t\t<iframe src=\"https:\/\/www.google.com\/recaptcha\/api\/fallback?k=6LcS3TgrAAAAADgde99W7yUhYxSG9WsPn4v2FTsa\" frameborder=\"0\" scrolling=\"no\" width=\"310\" height=\"430\">\r\n\t\t<\/iframe>\r\n\t\t<textarea name=\"g-recaptcha-response\" rows=\"3\" cols=\"40\" placeholder=\"reCaptcha Response Here\">\r\n\t\t<\/textarea>\r\n\t<\/div>\r\n<\/noscript>\r\n<\/span>\n\t<div class=\"contact-submit\" style=\"margin-top: 10px;\">\n\t\t<p><button class=\"btn wpcf7-submit pxl-icon-active  btn-default  pxl-icon--right\" type=\"submit\" data-animation=\"pxl-xspin\"><i class=\"flaticon flaticon-next\"><\/i>Enviar ahora<\/button>\n\t\t<\/p>\n\t<\/div>\n<\/div><p style=\"display: none !important;\" class=\"akismet-fields-container\" data-prefix=\"_wpcf7_ak_\"><label>&#916;<textarea name=\"_wpcf7_ak_hp_textarea\" cols=\"45\" rows=\"8\" maxlength=\"100\"><\/textarea><\/label><input type=\"hidden\" id=\"ak_js_1\" name=\"_wpcf7_ak_js\" value=\"77\"\/><script>document.getElementById( \"ak_js_1\" ).setAttribute( \"value\", ( new Date() ).getTime() );<\/script><\/p><div class=\"wpcf7-response-output\" aria-hidden=\"true\"><\/div>\n<input type=\"hidden\" name=\"trp-form-language\" value=\"es\"\/><\/form>\n<\/div>\n    <\/div>\r\n\t\t\t\t<\/div>\n\t\t\t\t<\/div>\n\t\t            <\/div>\r\n        <\/div>\r\n        \t\t\t<\/div>\n\t\t<\/section>\n\t\t\t\t<\/div>","protected":false},"excerpt":{"rendered":"<p>Contact Sored Multiservicios Get In Touch With Us Today Location Madrid, Spain Phone +34 627 26 73 33 Email info@sored.es We\u2019re here to help. Whether you&#8217;re planning a renovation, need a quick estimate, or just have a question about our services, feel free to reach out. The team at Sored Multiservicios is ready to assist [&hellip;]<\/p>","protected":false},"author":1,"featured_media":237,"parent":0,"menu_order":0,"comment_status":"closed","ping_status":"closed","template":"","meta":{"footnotes":""},"class_list":["post-27","page","type-page","status-publish","has-post-thumbnail","hentry"],"yoast_head":"<!-- This site is optimized with the Yoast SEO plugin v24.3 - https:\/\/yoast.com\/wordpress\/plugins\/seo\/ -->\n<title>Contact Sored Multiservicios | Renovation &amp; Construction<\/title>\n<meta name=\"description\" content=\"Contact Sored Multiservicios for expert renovation and remodeling services. Get in touch to transform your space today.\" \/>\n<meta name=\"robots\" content=\"index, follow, max-snippet:-1, max-image-preview:large, max-video-preview:-1\" \/>\n<link rel=\"canonical\" href=\"https:\/\/sored.es\/es\/contact\/\" \/>\n<meta property=\"og:locale\" content=\"es_ES\" \/>\n<meta property=\"og:type\" content=\"article\" \/>\n<meta property=\"og:title\" content=\"Contact Sored Multiservicios | Renovation &amp; Construction\" \/>\n<meta property=\"og:description\" content=\"Contact Sored Multiservicios for expert renovation and remodeling services. Get in touch to transform your space today.\" \/>\n<meta property=\"og:url\" content=\"https:\/\/sored.es\/es\/contact\/\" \/>\n<meta property=\"og:site_name\" content=\"Sored Multiservicios\" \/>\n<meta property=\"article:modified_time\" content=\"2025-05-15T19:46:06+00:00\" \/>\n<meta name=\"twitter:card\" content=\"summary_large_image\" \/>\n<meta name=\"twitter:label1\" content=\"Tiempo de lectura\" \/>\n\t<meta name=\"twitter:data1\" content=\"1 minuto\" \/>\n<script type=\"application\/ld+json\" class=\"yoast-schema-graph\">{\"@context\":\"https:\/\/schema.org\",\"@graph\":[{\"@type\":[\"WebPage\",\"ContactPage\"],\"@id\":\"https:\/\/sored.es\/contact\/\",\"url\":\"https:\/\/sored.es\/contact\/\",\"name\":\"Contact Sored Multiservicios | Renovation & Construction\",\"isPartOf\":{\"@id\":\"https:\/\/sored.es\/#website\"},\"primaryImageOfPage\":{\"@id\":\"https:\/\/sored.es\/contact\/#primaryimage\"},\"image\":{\"@id\":\"https:\/\/sored.es\/contact\/#primaryimage\"},\"thumbnailUrl\":\"https:\/\/sored.es\/wp-content\/uploads\/2024\/07\/bg-img1.svg\",\"datePublished\":\"2024-07-08T02:58:53+00:00\",\"dateModified\":\"2025-05-15T19:46:06+00:00\",\"description\":\"Contact Sored Multiservicios for expert renovation and remodeling services. Get in touch to transform your space today.\",\"breadcrumb\":{\"@id\":\"https:\/\/sored.es\/contact\/#breadcrumb\"},\"inLanguage\":\"es\",\"potentialAction\":[{\"@type\":\"ReadAction\",\"target\":[\"https:\/\/sored.es\/contact\/\"]}]},{\"@type\":\"ImageObject\",\"inLanguage\":\"es\",\"@id\":\"https:\/\/sored.es\/contact\/#primaryimage\",\"url\":\"https:\/\/sored.es\/wp-content\/uploads\/2024\/07\/bg-img1.svg\",\"contentUrl\":\"https:\/\/sored.es\/wp-content\/uploads\/2024\/07\/bg-img1.svg\",\"width\":100,\"height\":100},{\"@type\":\"BreadcrumbList\",\"@id\":\"https:\/\/sored.es\/contact\/#breadcrumb\",\"itemListElement\":[{\"@type\":\"ListItem\",\"position\":1,\"name\":\"Home\",\"item\":\"https:\/\/sored.es\/\"},{\"@type\":\"ListItem\",\"position\":2,\"name\":\"Building Solutions Company AC Reformas\"}]},{\"@type\":\"WebSite\",\"@id\":\"https:\/\/sored.es\/#website\",\"url\":\"https:\/\/sored.es\/\",\"name\":\"Sored Multiservicios\",\"description\":\"Building Solutions Company\",\"publisher\":{\"@id\":\"https:\/\/sored.es\/#organization\"},\"potentialAction\":[{\"@type\":\"SearchAction\",\"target\":{\"@type\":\"EntryPoint\",\"urlTemplate\":\"https:\/\/sored.es\/?s={search_term_string}\"},\"query-input\":{\"@type\":\"PropertyValueSpecification\",\"valueRequired\":true,\"valueName\":\"search_term_string\"}}],\"inLanguage\":\"es\"},{\"@type\":\"Organization\",\"@id\":\"https:\/\/sored.es\/#organization\",\"name\":\"Sored Multiservicios\",\"url\":\"https:\/\/sored.es\/\",\"logo\":{\"@type\":\"ImageObject\",\"inLanguage\":\"es\",\"@id\":\"https:\/\/sored.es\/#\/schema\/logo\/image\/\",\"url\":\"https:\/\/sored.es\/wp-content\/uploads\/2024\/08\/Untitled-design-20.png\",\"contentUrl\":\"https:\/\/sored.es\/wp-content\/uploads\/2024\/08\/Untitled-design-20.png\",\"width\":1024,\"height\":1024,\"caption\":\"Sored Multiservicios\"},\"image\":{\"@id\":\"https:\/\/sored.es\/#\/schema\/logo\/image\/\"}}]}<\/script>\n<!-- \/ Yoast SEO plugin. -->","yoast_head_json":{"title":"Contact Sored Multiservicios | Renovation & Construction","description":"Contact Sored Multiservicios for expert renovation and remodeling services. Get in touch to transform your space today.","robots":{"index":"index","follow":"follow","max-snippet":"max-snippet:-1","max-image-preview":"max-image-preview:large","max-video-preview":"max-video-preview:-1"},"canonical":"https:\/\/sored.es\/es\/contact\/","og_locale":"es_ES","og_type":"article","og_title":"Contact Sored Multiservicios | Renovation & Construction","og_description":"Contact Sored Multiservicios for expert renovation and remodeling services. Get in touch to transform your space today.","og_url":"https:\/\/sored.es\/es\/contact\/","og_site_name":"Sored Multiservicios","article_modified_time":"2025-05-15T19:46:06+00:00","twitter_card":"summary_large_image","twitter_misc":{"Tiempo de lectura":"1 minuto"},"schema":{"@context":"https:\/\/schema.org","@graph":[{"@type":["WebPage","ContactPage"],"@id":"https:\/\/sored.es\/contact\/","url":"https:\/\/sored.es\/contact\/","name":"Contact Sored Multiservicios | Renovation & Construction","isPartOf":{"@id":"https:\/\/sored.es\/#website"},"primaryImageOfPage":{"@id":"https:\/\/sored.es\/contact\/#primaryimage"},"image":{"@id":"https:\/\/sored.es\/contact\/#primaryimage"},"thumbnailUrl":"https:\/\/sored.es\/wp-content\/uploads\/2024\/07\/bg-img1.svg","datePublished":"2024-07-08T02:58:53+00:00","dateModified":"2025-05-15T19:46:06+00:00","description":"Contact Sored Multiservicios for expert renovation and remodeling services. Get in touch to transform your space today.","breadcrumb":{"@id":"https:\/\/sored.es\/contact\/#breadcrumb"},"inLanguage":"es","potentialAction":[{"@type":"ReadAction","target":["https:\/\/sored.es\/contact\/"]}]},{"@type":"ImageObject","inLanguage":"es","@id":"https:\/\/sored.es\/contact\/#primaryimage","url":"https:\/\/sored.es\/wp-content\/uploads\/2024\/07\/bg-img1.svg","contentUrl":"https:\/\/sored.es\/wp-content\/uploads\/2024\/07\/bg-img1.svg","width":100,"height":100},{"@type":"BreadcrumbList","@id":"https:\/\/sored.es\/contact\/#breadcrumb","itemListElement":[{"@type":"ListItem","position":1,"name":"Home","item":"https:\/\/sored.es\/"},{"@type":"ListItem","position":2,"name":"Building Solutions Company AC Reformas"}]},{"@type":"WebSite","@id":"https:\/\/sored.es\/#website","url":"https:\/\/sored.es\/","name":"Sored Multiservicios","description":"Building Solutions Company","publisher":{"@id":"https:\/\/sored.es\/#organization"},"potentialAction":[{"@type":"SearchAction","target":{"@type":"EntryPoint","urlTemplate":"https:\/\/sored.es\/?s={search_term_string}"},"query-input":{"@type":"PropertyValueSpecification","valueRequired":true,"valueName":"search_term_string"}}],"inLanguage":"es"},{"@type":"Organization","@id":"https:\/\/sored.es\/#organization","name":"Sored Multiservicios","url":"https:\/\/sored.es\/","logo":{"@type":"ImageObject","inLanguage":"es","@id":"https:\/\/sored.es\/#\/schema\/logo\/image\/","url":"https:\/\/sored.es\/wp-content\/uploads\/2024\/08\/Untitled-design-20.png","contentUrl":"https:\/\/sored.es\/wp-content\/uploads\/2024\/08\/Untitled-design-20.png","width":1024,"height":1024,"caption":"Sored Multiservicios"},"image":{"@id":"https:\/\/sored.es\/#\/schema\/logo\/image\/"}}]}},"_links":{"self":[{"href":"https:\/\/sored.es\/es\/wp-json\/wp\/v2\/pages\/27","targetHints":{"allow":["GET"]}}],"collection":[{"href":"https:\/\/sored.es\/es\/wp-json\/wp\/v2\/pages"}],"about":[{"href":"https:\/\/sored.es\/es\/wp-json\/wp\/v2\/types\/page"}],"author":[{"embeddable":true,"href":"https:\/\/sored.es\/es\/wp-json\/wp\/v2\/users\/1"}],"replies":[{"embeddable":true,"href":"https:\/\/sored.es\/es\/wp-json\/wp\/v2\/comments?post=27"}],"version-history":[{"count":16,"href":"https:\/\/sored.es\/es\/wp-json\/wp\/v2\/pages\/27\/revisions"}],"predecessor-version":[{"id":14237,"href":"https:\/\/sored.es\/es\/wp-json\/wp\/v2\/pages\/27\/revisions\/14237"}],"wp:featuredmedia":[{"embeddable":true,"href":"https:\/\/sored.es\/es\/wp-json\/wp\/v2\/media\/237"}],"wp:attachment":[{"href":"https:\/\/sored.es\/es\/wp-json\/wp\/v2\/media?parent=27"}],"curies":[{"name":"wp","href":"https:\/\/api.w.org\/{rel}","templated":true}]}}