{"id":13584,"date":"2024-07-08T02:15:49","date_gmt":"2024-07-08T01:15:49","guid":{"rendered":"https:\/\/acreformas.digitalvp.es\/?page_id=13584"},"modified":"2025-05-15T21:00:50","modified_gmt":"2025-05-15T20:00:50","slug":"cookies-policy","status":"publish","type":"page","link":"https:\/\/sored.es\/es\/cookies-policy\/","title":{"rendered":"Pol\u00edtica de Cookies"},"content":{"rendered":"<div data-elementor-type=\"wp-page\" data-elementor-id=\"13584\" class=\"elementor elementor-13584\">\n\t\t\t\t        <section class=\"elementor-section elementor-top-section elementor-element elementor-element-4a9af025 elementor-section-boxed elementor-section-height-default elementor-section-height-default pxl-row-scroll-none pxl-zoom-point-false pxl-section-overflow-visible pxl-section-fix-none pxl-bg-color-none pxl-section-overlay-none\" data-id=\"4a9af025\" data-element_type=\"section\">\n\n                \n                <div class=\"elementor-container elementor-column-gap-default\">\n                <div class=\"elementor-column elementor-col-100 elementor-top-column elementor-element elementor-element-20d05471 pxl-column-none pxl-column-overflow-hidden-no\" data-id=\"20d05471\" data-element_type=\"column\">\r\n        <div class=\"elementor-widget-wrap elementor-element-populated\">\r\n                     \r\n        \t\t<div class=\"elementor-element elementor-element-9ecc812 elementor-widget elementor-widget-text-editor\" data-id=\"9ecc812\" data-element_type=\"widget\" data-widget_type=\"text-editor.default\">\n\t\t\t\t<div class=\"elementor-widget-container\">\n\t\t\t\t\t\t\t\t\t<h2>Pol\u00edtica de Cookies<\/h2>\t\t\t\t\t\t\t\t<\/div>\n\t\t\t\t<\/div>\n\t\t\t\t<div class=\"elementor-element elementor-element-236cbbaa elementor-widget elementor-widget-text-editor\" data-id=\"236cbbaa\" data-element_type=\"widget\" data-widget_type=\"text-editor.default\">\n\t\t\t\t<div class=\"elementor-widget-container\">\n\t\t\t\t\t\t\t\t\t<h4>Este sitio web utiliza cookies<\/h4><p>La LSSI (Ley de Servicios de la Sociedad de la Informaci\u00f3n y Comercio Electr\u00f3nico) obliga a los titulares de sitios web a informar y obtener el consentimiento del usuario para el uso de cookies, si bien no todas las cookies requieren el consentimiento del usuario.<\/p><p>El prop\u00f3sito de esta p\u00e1gina web es proporcionarle informaci\u00f3n sobre el uso de cookies en este sitio, para que pueda dar su consentimiento informado para su uso.<\/p><hr \/><h4>\u00bfC\u00f3mo obtenemos su consentimiento para las cookies en nuestro sitio?<\/h4><p>La primera vez que accedas a nuestro sitio web ver\u00e1s un banner o un mensaje que dice:<br \/>Este sitio web utiliza cookies. Al continuar navegando, entendemos que acepta su uso (haga clic en el bot\u00f3n \u00abAceptar\u00bb). M\u00e1s informaci\u00f3n sobre las cookies.<br \/>Desde este punto usted podr\u00e1 decidir si contin\u00faa navegando por nuestra web o abandona si no desea cookies.<\/p><hr \/><h4>\u00bfQu\u00e9 son las cookies?<\/h4><p>Las cookies son peque\u00f1os archivos que los sitios web que visitas env\u00edan y almacenan en tu ordenador. Estas cookies se almacenan en el directorio de archivos de tu navegador.<\/p><hr \/><h4>\u00bfPor qu\u00e9 se utilizan las cookies?<\/h4><p>Las cookies se utilizan para personalizar y optimizar la navegaci\u00f3n del usuario. Se asocian \u00fanicamente con un usuario an\u00f3nimo y su ordenador, y no proporcionan datos personales que permitan identificarlo.<\/p><hr \/><h4>\u00bfSon peligrosas las cookies?<\/h4><p>No.<br \/>Las cookies son peque\u00f1os archivos de texto y no programas ni c\u00f3digo ejecutables. A continuaci\u00f3n, se muestra un ejemplo del contenido t\u00edpico de una cookie:<\/p><div class=\"contain-inline-size rounded-md border-[0.5px] border-token-border-medium relative bg-token-sidebar-surface-primary dark:bg-gray-950\"><div class=\"sticky top-9 md:top-[5.75rem]\"><div class=\"absolute bottom-0 right-2 flex h-9 items-center\"><div class=\"flex items-center rounded bg-token-sidebar-surface-primary px-2 font-sans text-xs text-token-text-secondary dark:bg-token-main-surface-secondary\"><code class=\"!whitespace-pre hljs\">HMP1 1 hotmail.msn.com\/ 0 1715191808<\/code><\/div><\/div><\/div><div class=\"overflow-y-auto p-4\" dir=\"ltr\"><code class=\"!whitespace-pre hljs\"><br \/>32107852 1236821008 29449527 *<br \/><\/code><\/div><\/div><p>Este c\u00f3digo solo tiene sentido para los servidores MSN Hotmail de Microsoft. Las cookies no pueden propagar virus ni leer otros datos almacenados en el disco duro.<br \/>Adem\u00e1s, los navegadores ofrecen herramientas para gestionar las cookies de forma eficaz.<\/p><hr \/><h4>Tipos comunes de cookies<\/h4><ol><li><p><strong>Basado en el consentimiento del usuario:<\/strong><\/p><ul><li><strong>Cookies estrictamente necesarias:<\/strong> No requieren el consentimiento del usuario. Estas incluyen:<ul><li>Cookies de entrada del usuario<\/li><li>Cookies de autenticaci\u00f3n<\/li><li>Cookies de sesi\u00f3n multimedia<\/li><li>Cookies de equilibrio de carga<\/li><li>Cookies de personalizaci\u00f3n de la interfaz<\/li><li>Cookies de complementos de redes sociales<\/li><\/ul><\/li><li><strong>Cookies que requieren consentimiento:<\/strong> All others not listed above.<\/li><\/ul><\/li><li><p><strong>Basado en el prop\u00f3sito:<\/strong><\/p><ul><li><strong>Cookies t\u00e9cnicas<\/strong><\/li><li><strong>Cookies de personalizaci\u00f3n<\/strong><\/li><li><strong>Cookies anal\u00edticas<\/strong><\/li><li><strong>Cookies publicitarias<\/strong><\/li><li><strong>Cookies de publicidad comportamental<\/strong><\/li><\/ul><\/li><li><p><strong>Basado en la duraci\u00f3n:<\/strong><\/p><ul><li><strong>Cookies de sesi\u00f3n<\/strong><\/li><li><strong>Cookies persistentes<\/strong><\/li><\/ul><\/li><li><p><strong>Basado en la propiedad:<\/strong><\/p><ul><li><strong>Cookies de origen:<\/strong> Enviado desde el dominio administrado por el propietario del sitio web.<\/li><li><strong>Cookies de terceros:<\/strong> Enviados desde dominios no administrados por el propietario del sitio web.<\/li><\/ul><\/li><\/ol><hr \/><h4>\u00bfQu\u00e9 cookies utiliza este sitio web?<\/h4><p>This website uses:<\/p><ul><li><strong>Cookies t\u00e9cnicas estrictamente necesarias:<\/strong> Esencial para el correcto funcionamiento del sitio, como el registro de usuarios y la gesti\u00f3n del carrito de compras.<\/li><li><strong>Cookies de WordPress:<\/strong> Para mejorar la navegaci\u00f3n del usuario.<\/li><li><strong>Cookies de PayPal:<\/strong> Para procesamiento de pagos.<\/li><li><strong>Cookies de redes sociales:<\/strong> Para redes sociales externas.<\/li><li><strong>Cookies anal\u00edticas:<\/strong> Relacionado con Google Analytics.<\/li><\/ul><p>Para obtener m\u00e1s informaci\u00f3n sobre las cookies de Google Analytics, visite:<br \/><a href=\"https:\/\/developers.google.com\/analytics\/devguides\/collection\/analyticsjs\/cookie-usage\" target=\"_new\" rel=\"noopener\">Google Analytics Cookie Usage<\/a><\/p><hr \/><h4>Administrar\/bloquear cookies en los navegadores<\/h4><p>Todos los navegadores permiten a los usuarios administrar su configuraci\u00f3n de privacidad y controlar el uso de cookies, incluida la opci\u00f3n de bloquearlas por completo.<br \/>Aqu\u00ed hay enlaces con instrucciones para diferentes navegadores:<\/p><ul><li><strong>Google Chrome:<\/strong> <a target=\"_new\" rel=\"noopener\">Manage Cookies<\/a><\/li><li><strong>Firefox:<\/strong> <a href=\"https:\/\/support.mozilla.org\/en-US\/kb\/enable-and-disable-cookies-website-preferences\" target=\"_new\" rel=\"noopener\">Privacy Settings<\/a><\/li><li><strong>Internet Explorer:<\/strong> <a href=\"http:\/\/windows.microsoft.com\/en-us\/windows7\/How-to-manage-cookies-in-Internet-Explorer-9\" target=\"_new\" rel=\"noopener\">Cookie Management<\/a><\/li><li><strong>Safari:<\/strong> <a href=\"http:\/\/support.apple.com\/kb\/PH5042\" target=\"_new\" rel=\"noopener\">Manage Cookies<\/a><\/li><\/ul><p>Google ha desarrollado un complemento del navegador para desactivar Google Analytics, al que puedes acceder aqu\u00ed:<br \/><a href=\"https:\/\/tools.google.com\/dlpage\/gaoptout\" target=\"_new\" rel=\"noopener\">Google Analytics Opt-out Add-on<\/a><\/p><hr \/><h4>Informaci\u00f3n adicional sobre las cookies<\/h4><p>Para obtener informaci\u00f3n m\u00e1s detallada, consulte los siguientes recursos:<\/p><ul><li><strong>AEPD Guide on Cookies Usage:<\/strong><br \/><a href=\"http:\/\/www.agpd.es\/portalwebAGPD\/canaldocumentacion\/ publicaciones\/common\/Guias\/Guia_Cookies.pdf\" target=\"_new\" rel=\"noopener\" data-wplink-url-error=\"true\">AEPD Cookies Guide<\/a><\/li><li><strong>About Cookies:<\/strong><br \/><a href=\"http:\/\/www.aboutcookies.org\/default.aspx\" target=\"_new\" rel=\"noopener\">About Cookies<\/a><\/li><\/ul>\t\t\t\t\t\t\t\t<\/div>\n\t\t\t\t<\/div>\n\t\t            <\/div>\r\n        <\/div>\r\n        \t\t\t<\/div>\n\t\t<\/section>\n\t\t\t\t<\/div>","protected":false},"excerpt":{"rendered":"<p>Cookies Policy This Website Uses Cookies The LSSI (Law on Information Society Services and Electronic Commerce) requires website owners to inform and obtain user consent for the use of cookies, although not all cookies require user consent. The purpose of this webpage is to provide you with information about the use of cookies on this [&hellip;]<\/p>","protected":false},"author":1,"featured_media":14244,"parent":0,"menu_order":0,"comment_status":"closed","ping_status":"closed","template":"","meta":{"footnotes":""},"class_list":["post-13584","page","type-page","status-publish","has-post-thumbnail","hentry"],"yoast_head":"<!-- This site is optimized with the Yoast SEO plugin v24.3 - https:\/\/yoast.com\/wordpress\/plugins\/seo\/ -->\n<title>Cookies Policy - Learn About Our Website&#039;s Cookie Usage<\/title>\n<meta name=\"description\" content=\"Explore our Cookies Policy to understand how cookies are used, the types we utilize, and how to manage them for a better experience.\" \/>\n<meta name=\"robots\" content=\"index, follow, max-snippet:-1, max-image-preview:large, max-video-preview:-1\" \/>\n<link rel=\"canonical\" href=\"https:\/\/sored.es\/es\/cookies-policy\/\" \/>\n<meta property=\"og:locale\" content=\"es_ES\" \/>\n<meta property=\"og:type\" content=\"article\" \/>\n<meta property=\"og:title\" content=\"Cookies Policy - Learn About Our Website&#039;s Cookie Usage\" \/>\n<meta property=\"og:description\" content=\"Explore our Cookies Policy to understand how cookies are used, the types we utilize, and how to manage them for a better experience.\" \/>\n<meta property=\"og:url\" content=\"https:\/\/sored.es\/es\/cookies-policy\/\" \/>\n<meta property=\"og:site_name\" content=\"Sored Multiservicios\" \/>\n<meta property=\"article:modified_time\" content=\"2025-05-15T20:00:50+00:00\" \/>\n<meta property=\"og:image\" content=\"https:\/\/sored.es\/wp-content\/uploads\/2025\/05\/istockphoto-1359932120-612x612-1.jpg\" \/>\n\t<meta property=\"og:image:width\" content=\"612\" \/>\n\t<meta property=\"og:image:height\" content=\"612\" \/>\n\t<meta property=\"og:image:type\" content=\"image\/jpeg\" \/>\n<meta name=\"twitter:card\" content=\"summary_large_image\" \/>\n<meta name=\"twitter:label1\" content=\"Tiempo de lectura\" \/>\n\t<meta name=\"twitter:data1\" content=\"3 minutos\" \/>\n<script type=\"application\/ld+json\" class=\"yoast-schema-graph\">{\"@context\":\"https:\/\/schema.org\",\"@graph\":[{\"@type\":\"WebPage\",\"@id\":\"https:\/\/sored.es\/cookies-policy\/\",\"url\":\"https:\/\/sored.es\/cookies-policy\/\",\"name\":\"Cookies Policy - Learn About Our Website's Cookie Usage\",\"isPartOf\":{\"@id\":\"https:\/\/sored.es\/#website\"},\"primaryImageOfPage\":{\"@id\":\"https:\/\/sored.es\/cookies-policy\/#primaryimage\"},\"image\":{\"@id\":\"https:\/\/sored.es\/cookies-policy\/#primaryimage\"},\"thumbnailUrl\":\"https:\/\/sored.es\/wp-content\/uploads\/2025\/05\/istockphoto-1359932120-612x612-1.jpg\",\"datePublished\":\"2024-07-08T01:15:49+00:00\",\"dateModified\":\"2025-05-15T20:00:50+00:00\",\"description\":\"Explore our Cookies Policy to understand how cookies are used, the types we utilize, and how to manage them for a better experience.\",\"breadcrumb\":{\"@id\":\"https:\/\/sored.es\/cookies-policy\/#breadcrumb\"},\"inLanguage\":\"es\",\"potentialAction\":[{\"@type\":\"ReadAction\",\"target\":[\"https:\/\/sored.es\/cookies-policy\/\"]}]},{\"@type\":\"ImageObject\",\"inLanguage\":\"es\",\"@id\":\"https:\/\/sored.es\/cookies-policy\/#primaryimage\",\"url\":\"https:\/\/sored.es\/wp-content\/uploads\/2025\/05\/istockphoto-1359932120-612x612-1.jpg\",\"contentUrl\":\"https:\/\/sored.es\/wp-content\/uploads\/2025\/05\/istockphoto-1359932120-612x612-1.jpg\",\"width\":612,\"height\":612,\"caption\":\"Contract document icon in flat style. Report with folder vector illustration on isolated background. Paper sheet sign business concept.\"},{\"@type\":\"BreadcrumbList\",\"@id\":\"https:\/\/sored.es\/cookies-policy\/#breadcrumb\",\"itemListElement\":[{\"@type\":\"ListItem\",\"position\":1,\"name\":\"Home\",\"item\":\"https:\/\/sored.es\/\"},{\"@type\":\"ListItem\",\"position\":2,\"name\":\"Cookies Policy\"}]},{\"@type\":\"WebSite\",\"@id\":\"https:\/\/sored.es\/#website\",\"url\":\"https:\/\/sored.es\/\",\"name\":\"Sored Multiservicios\",\"description\":\"Building Solutions Company\",\"publisher\":{\"@id\":\"https:\/\/sored.es\/#organization\"},\"potentialAction\":[{\"@type\":\"SearchAction\",\"target\":{\"@type\":\"EntryPoint\",\"urlTemplate\":\"https:\/\/sored.es\/?s={search_term_string}\"},\"query-input\":{\"@type\":\"PropertyValueSpecification\",\"valueRequired\":true,\"valueName\":\"search_term_string\"}}],\"inLanguage\":\"es\"},{\"@type\":\"Organization\",\"@id\":\"https:\/\/sored.es\/#organization\",\"name\":\"Sored Multiservicios\",\"url\":\"https:\/\/sored.es\/\",\"logo\":{\"@type\":\"ImageObject\",\"inLanguage\":\"es\",\"@id\":\"https:\/\/sored.es\/#\/schema\/logo\/image\/\",\"url\":\"https:\/\/sored.es\/wp-content\/uploads\/2024\/08\/Untitled-design-20.png\",\"contentUrl\":\"https:\/\/sored.es\/wp-content\/uploads\/2024\/08\/Untitled-design-20.png\",\"width\":1024,\"height\":1024,\"caption\":\"Sored Multiservicios\"},\"image\":{\"@id\":\"https:\/\/sored.es\/#\/schema\/logo\/image\/\"}}]}<\/script>\n<!-- \/ Yoast SEO plugin. -->","yoast_head_json":{"title":"Cookies Policy - Learn About Our Website's Cookie Usage","description":"Explore our Cookies Policy to understand how cookies are used, the types we utilize, and how to manage them for a better experience.","robots":{"index":"index","follow":"follow","max-snippet":"max-snippet:-1","max-image-preview":"max-image-preview:large","max-video-preview":"max-video-preview:-1"},"canonical":"https:\/\/sored.es\/es\/cookies-policy\/","og_locale":"es_ES","og_type":"article","og_title":"Cookies Policy - Learn About Our Website's Cookie Usage","og_description":"Explore our Cookies Policy to understand how cookies are used, the types we utilize, and how to manage them for a better experience.","og_url":"https:\/\/sored.es\/es\/cookies-policy\/","og_site_name":"Sored Multiservicios","article_modified_time":"2025-05-15T20:00:50+00:00","og_image":[{"width":612,"height":612,"url":"https:\/\/sored.es\/wp-content\/uploads\/2025\/05\/istockphoto-1359932120-612x612-1.jpg","type":"image\/jpeg"}],"twitter_card":"summary_large_image","twitter_misc":{"Tiempo de lectura":"3 minutos"},"schema":{"@context":"https:\/\/schema.org","@graph":[{"@type":"WebPage","@id":"https:\/\/sored.es\/cookies-policy\/","url":"https:\/\/sored.es\/cookies-policy\/","name":"Cookies Policy - Learn About Our Website's Cookie Usage","isPartOf":{"@id":"https:\/\/sored.es\/#website"},"primaryImageOfPage":{"@id":"https:\/\/sored.es\/cookies-policy\/#primaryimage"},"image":{"@id":"https:\/\/sored.es\/cookies-policy\/#primaryimage"},"thumbnailUrl":"https:\/\/sored.es\/wp-content\/uploads\/2025\/05\/istockphoto-1359932120-612x612-1.jpg","datePublished":"2024-07-08T01:15:49+00:00","dateModified":"2025-05-15T20:00:50+00:00","description":"Explore our Cookies Policy to understand how cookies are used, the types we utilize, and how to manage them for a better experience.","breadcrumb":{"@id":"https:\/\/sored.es\/cookies-policy\/#breadcrumb"},"inLanguage":"es","potentialAction":[{"@type":"ReadAction","target":["https:\/\/sored.es\/cookies-policy\/"]}]},{"@type":"ImageObject","inLanguage":"es","@id":"https:\/\/sored.es\/cookies-policy\/#primaryimage","url":"https:\/\/sored.es\/wp-content\/uploads\/2025\/05\/istockphoto-1359932120-612x612-1.jpg","contentUrl":"https:\/\/sored.es\/wp-content\/uploads\/2025\/05\/istockphoto-1359932120-612x612-1.jpg","width":612,"height":612,"caption":"Contract document icon in flat style. Report with folder vector illustration on isolated background. Paper sheet sign business concept."},{"@type":"BreadcrumbList","@id":"https:\/\/sored.es\/cookies-policy\/#breadcrumb","itemListElement":[{"@type":"ListItem","position":1,"name":"Home","item":"https:\/\/sored.es\/"},{"@type":"ListItem","position":2,"name":"Cookies Policy"}]},{"@type":"WebSite","@id":"https:\/\/sored.es\/#website","url":"https:\/\/sored.es\/","name":"Sored Multiservicios","description":"Building Solutions Company","publisher":{"@id":"https:\/\/sored.es\/#organization"},"potentialAction":[{"@type":"SearchAction","target":{"@type":"EntryPoint","urlTemplate":"https:\/\/sored.es\/?s={search_term_string}"},"query-input":{"@type":"PropertyValueSpecification","valueRequired":true,"valueName":"search_term_string"}}],"inLanguage":"es"},{"@type":"Organization","@id":"https:\/\/sored.es\/#organization","name":"Sored Multiservicios","url":"https:\/\/sored.es\/","logo":{"@type":"ImageObject","inLanguage":"es","@id":"https:\/\/sored.es\/#\/schema\/logo\/image\/","url":"https:\/\/sored.es\/wp-content\/uploads\/2024\/08\/Untitled-design-20.png","contentUrl":"https:\/\/sored.es\/wp-content\/uploads\/2024\/08\/Untitled-design-20.png","width":1024,"height":1024,"caption":"Sored Multiservicios"},"image":{"@id":"https:\/\/sored.es\/#\/schema\/logo\/image\/"}}]}},"_links":{"self":[{"href":"https:\/\/sored.es\/es\/wp-json\/wp\/v2\/pages\/13584","targetHints":{"allow":["GET"]}}],"collection":[{"href":"https:\/\/sored.es\/es\/wp-json\/wp\/v2\/pages"}],"about":[{"href":"https:\/\/sored.es\/es\/wp-json\/wp\/v2\/types\/page"}],"author":[{"embeddable":true,"href":"https:\/\/sored.es\/es\/wp-json\/wp\/v2\/users\/1"}],"replies":[{"embeddable":true,"href":"https:\/\/sored.es\/es\/wp-json\/wp\/v2\/comments?post=13584"}],"version-history":[{"count":6,"href":"https:\/\/sored.es\/es\/wp-json\/wp\/v2\/pages\/13584\/revisions"}],"predecessor-version":[{"id":14258,"href":"https:\/\/sored.es\/es\/wp-json\/wp\/v2\/pages\/13584\/revisions\/14258"}],"wp:featuredmedia":[{"embeddable":true,"href":"https:\/\/sored.es\/es\/wp-json\/wp\/v2\/media\/14244"}],"wp:attachment":[{"href":"https:\/\/sored.es\/es\/wp-json\/wp\/v2\/media?parent=13584"}],"curies":[{"name":"wp","href":"https:\/\/api.w.org\/{rel}","templated":true}]}}