{"id":3,"date":"2024-07-08T02:15:49","date_gmt":"2024-07-08T02:15:49","guid":{"rendered":"https:\/\/demo.casethemes.net\/condo\/?page_id=3"},"modified":"2025-05-15T21:12:28","modified_gmt":"2025-05-15T20:12:28","slug":"privacy-policy","status":"publish","type":"page","link":"http:\/\/sored.es\/es\/privacy-policy\/","title":{"rendered":"Pol\u00edtica de privacidad"},"content":{"rendered":"<div data-elementor-type=\"wp-page\" data-elementor-id=\"3\" class=\"elementor elementor-3\">\n\t\t\t\t        <section class=\"elementor-section elementor-top-section elementor-element elementor-element-4a9af025 elementor-section-boxed elementor-section-height-default elementor-section-height-default pxl-row-scroll-none pxl-zoom-point-false pxl-section-overflow-visible pxl-section-fix-none pxl-bg-color-none pxl-section-overlay-none\" data-id=\"4a9af025\" data-element_type=\"section\">\n\n                \n                <div class=\"elementor-container elementor-column-gap-default\">\n                <div class=\"elementor-column elementor-col-100 elementor-top-column elementor-element elementor-element-20d05471 pxl-column-none pxl-column-overflow-hidden-no\" data-id=\"20d05471\" data-element_type=\"column\">\r\n        <div class=\"elementor-widget-wrap elementor-element-populated\">\r\n                     \r\n        \t\t<div class=\"elementor-element elementor-element-f98e545 elementor-widget elementor-widget-text-editor\" data-id=\"f98e545\" data-element_type=\"widget\" data-widget_type=\"text-editor.default\">\n\t\t\t\t<div class=\"elementor-widget-container\">\n\t\t\t\t\t\t\t\t\t<h2>Pol\u00edtica de privacidad<\/h2>\t\t\t\t\t\t\t\t<\/div>\n\t\t\t\t<\/div>\n\t\t\t\t<div class=\"elementor-element elementor-element-236cbbaa elementor-widget elementor-widget-text-editor\" data-id=\"236cbbaa\" data-element_type=\"widget\" data-widget_type=\"text-editor.default\">\n\t\t\t\t<div class=\"elementor-widget-container\">\n\t\t\t\t\t\t\t\t\t\n<section class=\"elementor-section elementor-top-section elementor-element elementor-element-3f08b07a elementor-section-boxed elementor-section-height-default elementor-section-height-default sc_fly_static trx_addons_parallax_layers_inited trx_addons_parallax_blocks_inited\" data-id=\"3f08b07a\" data-element_type=\"section\" data-settings=\"{&quot;background_background&quot;:&quot;classic&quot;}\">\n<div class=\"elementor-container elementor-column-gap-extended\">\n<div class=\"elementor-column elementor-col-100 elementor-top-column elementor-element elementor-element-392345bc sc_content_align_inherit sc_layouts_column_icons_position_left sc_fly_static trx_addons_parallax_layers_inited trx_addons_parallax_blocks_inited\" data-id=\"392345bc\" data-element_type=\"column\">\n<div class=\"elementor-widget-wrap elementor-element-populated\">\n<div class=\"elementor-element elementor-element-4b0b428 sc_fly_static elementor-widget elementor-widget-text-editor trx_addons_parallax_layers_inited trx_addons_parallax_blocks_inited\" data-id=\"4b0b428\" data-element_type=\"widget\" data-widget_type=\"text-editor.default\">\n<div class=\"elementor-widget-container\">\n<h3 class=\"wp-block-heading\">Quienes somos<\/h3>\n<p>La pol\u00edtica de privacidad para la direcci\u00f3n de nuestro sitio web es: <a href=\"https:\/\/acreformas.es\" target=\"_new\" rel=\"noopener\">https:\/\/sored.es<\/a><\/p>\n<hr \/>\n<h3>Comentarios<\/h3>\n<p>Cuando los visitantes dejan comentarios en el sitio web, recopilamos los datos que se muestran en el formulario de comentarios, as\u00ed como la direcci\u00f3n IP del visitante y la cadena del agente de usuario del navegador para ayudar con la detecci\u00f3n de spam.<\/p>\n<p>Es posible que se proporcione al servicio Gravatar una cadena an\u00f3nima creada a partir de su direcci\u00f3n de correo electr\u00f3nico (tambi\u00e9n llamada hash) para comprobar si la est\u00e1 utilizando. La pol\u00edtica de privacidad del servicio Gravatar est\u00e1 disponible aqu\u00ed: <a href=\"https:\/\/automattic.com\/privacy\/\" target=\"_new\" rel=\"noopener\">https:\/\/automattic.com\/privacy\/<\/a>. Una vez aprobado tu comentario, tu foto de perfil ser\u00e1 visible para el p\u00fablico en el contexto de tu comentario.<\/p>\n<hr \/>\n<h3>Cookies<\/h3>\n<p>Al comentar en nuestro sitio, puede optar por guardar su nombre, direcci\u00f3n de correo electr\u00f3nico y sitio web en cookies. Esto es para su comodidad, para que no tenga que volver a introducir sus datos al dejar otro comentario. Estas cookies tienen una duraci\u00f3n de un a\u00f1o.<\/p>\n<p>Al crear una cuenta e iniciar sesi\u00f3n en este sitio, instalaremos una cookie temporal para determinar si su navegador acepta cookies. Esta cookie no contiene datos personales y se elimina al cerrar el navegador.<\/p>\n<p>Al iniciar sesi\u00f3n, tambi\u00e9n instalaremos varias cookies para guardar tu informaci\u00f3n de inicio de sesi\u00f3n y tus preferencias de visualizaci\u00f3n de pantalla. Las cookies de inicio de sesi\u00f3n duran dos d\u00edas y las de opciones de pantalla, un a\u00f1o. Si seleccionas \"Recordarme\", tu inicio de sesi\u00f3n se conservar\u00e1 durante dos semanas. Si cierras sesi\u00f3n, se eliminar\u00e1n las cookies de inicio de sesi\u00f3n.<\/p>\n<p>Al editar o publicar un art\u00edculo, se guardar\u00e1 una cookie adicional en su navegador. Esta cookie no incluye datos personales y simplemente indica el ID del art\u00edculo que acaba de editar. Caduca al cabo de un d\u00eda.<\/p>\n<hr \/>\n<h3>Contenido incrustado de otros sitios web<\/h3>\n<p>Los art\u00edculos de este sitio pueden incluir contenido incrustado (p. ej., v\u00eddeos, im\u00e1genes, art\u00edculos, etc.). El contenido incrustado de otros sitios web se comporta exactamente igual que si el visitante hubiera visitado el otro sitio web. Estos sitios web pueden recopilar datos sobre usted, utilizar cookies, integrar seguimiento adicional de terceros y supervisar su interacci\u00f3n con dicho contenido incrustado, incluyendo el seguimiento de su interacci\u00f3n si tiene una cuenta y ha iniciado sesi\u00f3n en ese sitio web.<\/p>\n<hr \/>\n<h3>Con qui\u00e9n compartimos sus datos<\/h3>\n<p>Cuando solicita un restablecimiento de contrase\u00f1a, su direcci\u00f3n IP se incluir\u00e1 en el correo electr\u00f3nico de restablecimiento.<\/p>\n<hr \/>\n<h3>Cu\u00e1nto tiempo conservamos sus datos<\/h3>\n<p>Si dejas un comentario, este y sus metadatos se conservan indefinidamente. Esto nos permite reconocer y aprobar autom\u00e1ticamente cualquier comentario posterior, en lugar de mantenerlo en una cola de moderaci\u00f3n.<\/p>\n<p>De los usuarios que se registran en nuestro sitio web (si los hay), tambi\u00e9n almacenamos la informaci\u00f3n personal que proporcionan en su perfil. Todos los usuarios pueden ver, editar o eliminar su informaci\u00f3n personal en cualquier momento (excepto que no pueden cambiar su nombre de usuario). Los administradores del sitio web tambi\u00e9n pueden ver y editar dicha informaci\u00f3n.<\/p>\n<hr \/>\n<h3>Qu\u00e9 derechos tienes sobre tus datos<\/h3>\n<p>Puede solicitar la exportaci\u00f3n de sus datos personales, incluyendo cualquier informaci\u00f3n que nos haya proporcionado. Adem\u00e1s, puede solicitar la supresi\u00f3n de sus datos personales. Sin embargo, esto excluye cualquier informaci\u00f3n que debamos conservar con fines administrativos, legales o de seguridad.<\/p>\n<hr \/>\n<h3>D\u00f3nde se env\u00edan sus datos<\/h3>\n<p>Los comentarios de los visitantes pueden revisarse a trav\u00e9s de un servicio de detecci\u00f3n autom\u00e1tica de spam.<\/p>\n<p>Pol\u00edtica de privacidad actualizada el 15 de mayo de 2025<\/p>\n<\/div>\n<\/div>\n<\/div>\n<\/div>\n<\/div>\n<\/section>\t\t\t\t\t\t\t\t<\/div>\n\t\t\t\t<\/div>\n\t\t            <\/div>\r\n        <\/div>\r\n        \t\t\t<\/div>\n\t\t<\/section>\n\t\t\t\t<\/div>","protected":false},"excerpt":{"rendered":"<p>Privacy Policy Who We Are Privacy Policy for address of our website is: https:\/\/sored.es Comments When visitors leave comments on the website, we collect the data shown in the comment form, as well as the visitor&#8217;s IP address and browser user agent string to assist with spam detection. An anonymous string created from your email [&hellip;]<\/p>","protected":false},"author":1,"featured_media":14244,"parent":0,"menu_order":0,"comment_status":"closed","ping_status":"closed","template":"","meta":{"footnotes":""},"class_list":["post-3","page","type-page","status-publish","has-post-thumbnail","hentry"],"yoast_head":"<!-- This site is optimized with the Yoast SEO plugin v24.3 - https:\/\/yoast.com\/wordpress\/plugins\/seo\/ -->\n<title>Privacy Policy \u2013 Your Data and Rights | Sored Multiservicios<\/title>\n<meta name=\"description\" content=\"Learn how Sored Multiservicios handles your data, your rights, and our privacy practices. Read our Privacy Policy here\" \/>\n<meta name=\"robots\" content=\"index, follow, max-snippet:-1, max-image-preview:large, max-video-preview:-1\" \/>\n<link rel=\"canonical\" href=\"https:\/\/sored.es\/es\/privacy-policy\/\" \/>\n<meta property=\"og:locale\" content=\"es_ES\" \/>\n<meta property=\"og:type\" content=\"article\" \/>\n<meta property=\"og:title\" content=\"Privacy Policy \u2013 Your Data and Rights | Sored Multiservicios\" \/>\n<meta property=\"og:description\" content=\"Learn how Sored Multiservicios handles your data, your rights, and our privacy practices. Read our Privacy Policy here\" \/>\n<meta property=\"og:url\" content=\"https:\/\/sored.es\/es\/privacy-policy\/\" \/>\n<meta property=\"og:site_name\" content=\"Sored Multiservicios\" \/>\n<meta property=\"article:modified_time\" content=\"2025-05-15T20:12:28+00:00\" \/>\n<meta property=\"og:image\" content=\"https:\/\/sored.es\/wp-content\/uploads\/2025\/05\/istockphoto-1359932120-612x612-1.jpg\" \/>\n\t<meta property=\"og:image:width\" content=\"612\" \/>\n\t<meta property=\"og:image:height\" content=\"612\" \/>\n\t<meta property=\"og:image:type\" content=\"image\/jpeg\" \/>\n<meta name=\"twitter:card\" content=\"summary_large_image\" \/>\n<meta name=\"twitter:label1\" content=\"Tiempo de lectura\" \/>\n\t<meta name=\"twitter:data1\" content=\"5 minutos\" \/>\n<script type=\"application\/ld+json\" class=\"yoast-schema-graph\">{\"@context\":\"https:\/\/schema.org\",\"@graph\":[{\"@type\":\"WebPage\",\"@id\":\"https:\/\/sored.es\/privacy-policy\/\",\"url\":\"https:\/\/sored.es\/privacy-policy\/\",\"name\":\"Privacy Policy \u2013 Your Data and Rights | Sored Multiservicios\",\"isPartOf\":{\"@id\":\"https:\/\/sored.es\/#website\"},\"primaryImageOfPage\":{\"@id\":\"https:\/\/sored.es\/privacy-policy\/#primaryimage\"},\"image\":{\"@id\":\"https:\/\/sored.es\/privacy-policy\/#primaryimage\"},\"thumbnailUrl\":\"https:\/\/sored.es\/wp-content\/uploads\/2025\/05\/istockphoto-1359932120-612x612-1.jpg\",\"datePublished\":\"2024-07-08T02:15:49+00:00\",\"dateModified\":\"2025-05-15T20:12:28+00:00\",\"description\":\"Learn how Sored Multiservicios handles your data, your rights, and our privacy practices. Read our Privacy Policy here\",\"breadcrumb\":{\"@id\":\"https:\/\/sored.es\/privacy-policy\/#breadcrumb\"},\"inLanguage\":\"es\",\"potentialAction\":[{\"@type\":\"ReadAction\",\"target\":[\"https:\/\/sored.es\/privacy-policy\/\"]}]},{\"@type\":\"ImageObject\",\"inLanguage\":\"es\",\"@id\":\"https:\/\/sored.es\/privacy-policy\/#primaryimage\",\"url\":\"https:\/\/sored.es\/wp-content\/uploads\/2025\/05\/istockphoto-1359932120-612x612-1.jpg\",\"contentUrl\":\"https:\/\/sored.es\/wp-content\/uploads\/2025\/05\/istockphoto-1359932120-612x612-1.jpg\",\"width\":612,\"height\":612,\"caption\":\"Contract document icon in flat style. Report with folder vector illustration on isolated background. Paper sheet sign business concept.\"},{\"@type\":\"BreadcrumbList\",\"@id\":\"https:\/\/sored.es\/privacy-policy\/#breadcrumb\",\"itemListElement\":[{\"@type\":\"ListItem\",\"position\":1,\"name\":\"Home\",\"item\":\"https:\/\/sored.es\/\"},{\"@type\":\"ListItem\",\"position\":2,\"name\":\"Privacy Policy\"}]},{\"@type\":\"WebSite\",\"@id\":\"https:\/\/sored.es\/#website\",\"url\":\"https:\/\/sored.es\/\",\"name\":\"Sored Multiservicios\",\"description\":\"Building Solutions Company\",\"publisher\":{\"@id\":\"https:\/\/sored.es\/#organization\"},\"potentialAction\":[{\"@type\":\"SearchAction\",\"target\":{\"@type\":\"EntryPoint\",\"urlTemplate\":\"https:\/\/sored.es\/?s={search_term_string}\"},\"query-input\":{\"@type\":\"PropertyValueSpecification\",\"valueRequired\":true,\"valueName\":\"search_term_string\"}}],\"inLanguage\":\"es\"},{\"@type\":\"Organization\",\"@id\":\"https:\/\/sored.es\/#organization\",\"name\":\"Sored Multiservicios\",\"url\":\"https:\/\/sored.es\/\",\"logo\":{\"@type\":\"ImageObject\",\"inLanguage\":\"es\",\"@id\":\"https:\/\/sored.es\/#\/schema\/logo\/image\/\",\"url\":\"https:\/\/sored.es\/wp-content\/uploads\/2024\/08\/Untitled-design-20.png\",\"contentUrl\":\"https:\/\/sored.es\/wp-content\/uploads\/2024\/08\/Untitled-design-20.png\",\"width\":1024,\"height\":1024,\"caption\":\"Sored Multiservicios\"},\"image\":{\"@id\":\"https:\/\/sored.es\/#\/schema\/logo\/image\/\"}}]}<\/script>\n<!-- \/ Yoast SEO plugin. -->","yoast_head_json":{"title":"Privacy Policy \u2013 Your Data and Rights | Sored Multiservicios","description":"Learn how Sored Multiservicios handles your data, your rights, and our privacy practices. Read our Privacy Policy here","robots":{"index":"index","follow":"follow","max-snippet":"max-snippet:-1","max-image-preview":"max-image-preview:large","max-video-preview":"max-video-preview:-1"},"canonical":"https:\/\/sored.es\/es\/privacy-policy\/","og_locale":"es_ES","og_type":"article","og_title":"Privacy Policy \u2013 Your Data and Rights | Sored Multiservicios","og_description":"Learn how Sored Multiservicios handles your data, your rights, and our privacy practices. Read our Privacy Policy here","og_url":"https:\/\/sored.es\/es\/privacy-policy\/","og_site_name":"Sored Multiservicios","article_modified_time":"2025-05-15T20:12:28+00:00","og_image":[{"width":612,"height":612,"url":"https:\/\/sored.es\/wp-content\/uploads\/2025\/05\/istockphoto-1359932120-612x612-1.jpg","type":"image\/jpeg"}],"twitter_card":"summary_large_image","twitter_misc":{"Tiempo de lectura":"5 minutos"},"schema":{"@context":"https:\/\/schema.org","@graph":[{"@type":"WebPage","@id":"https:\/\/sored.es\/privacy-policy\/","url":"https:\/\/sored.es\/privacy-policy\/","name":"Privacy Policy \u2013 Your Data and Rights | Sored Multiservicios","isPartOf":{"@id":"https:\/\/sored.es\/#website"},"primaryImageOfPage":{"@id":"https:\/\/sored.es\/privacy-policy\/#primaryimage"},"image":{"@id":"https:\/\/sored.es\/privacy-policy\/#primaryimage"},"thumbnailUrl":"https:\/\/sored.es\/wp-content\/uploads\/2025\/05\/istockphoto-1359932120-612x612-1.jpg","datePublished":"2024-07-08T02:15:49+00:00","dateModified":"2025-05-15T20:12:28+00:00","description":"Learn how Sored Multiservicios handles your data, your rights, and our privacy practices. Read our Privacy Policy here","breadcrumb":{"@id":"https:\/\/sored.es\/privacy-policy\/#breadcrumb"},"inLanguage":"es","potentialAction":[{"@type":"ReadAction","target":["https:\/\/sored.es\/privacy-policy\/"]}]},{"@type":"ImageObject","inLanguage":"es","@id":"https:\/\/sored.es\/privacy-policy\/#primaryimage","url":"https:\/\/sored.es\/wp-content\/uploads\/2025\/05\/istockphoto-1359932120-612x612-1.jpg","contentUrl":"https:\/\/sored.es\/wp-content\/uploads\/2025\/05\/istockphoto-1359932120-612x612-1.jpg","width":612,"height":612,"caption":"Contract document icon in flat style. Report with folder vector illustration on isolated background. Paper sheet sign business concept."},{"@type":"BreadcrumbList","@id":"https:\/\/sored.es\/privacy-policy\/#breadcrumb","itemListElement":[{"@type":"ListItem","position":1,"name":"Home","item":"https:\/\/sored.es\/"},{"@type":"ListItem","position":2,"name":"Privacy Policy"}]},{"@type":"WebSite","@id":"https:\/\/sored.es\/#website","url":"https:\/\/sored.es\/","name":"Sored Multiservicios","description":"Building Solutions Company","publisher":{"@id":"https:\/\/sored.es\/#organization"},"potentialAction":[{"@type":"SearchAction","target":{"@type":"EntryPoint","urlTemplate":"https:\/\/sored.es\/?s={search_term_string}"},"query-input":{"@type":"PropertyValueSpecification","valueRequired":true,"valueName":"search_term_string"}}],"inLanguage":"es"},{"@type":"Organization","@id":"https:\/\/sored.es\/#organization","name":"Sored Multiservicios","url":"https:\/\/sored.es\/","logo":{"@type":"ImageObject","inLanguage":"es","@id":"https:\/\/sored.es\/#\/schema\/logo\/image\/","url":"https:\/\/sored.es\/wp-content\/uploads\/2024\/08\/Untitled-design-20.png","contentUrl":"https:\/\/sored.es\/wp-content\/uploads\/2024\/08\/Untitled-design-20.png","width":1024,"height":1024,"caption":"Sored Multiservicios"},"image":{"@id":"https:\/\/sored.es\/#\/schema\/logo\/image\/"}}]}},"_links":{"self":[{"href":"http:\/\/sored.es\/es\/wp-json\/wp\/v2\/pages\/3","targetHints":{"allow":["GET"]}}],"collection":[{"href":"http:\/\/sored.es\/es\/wp-json\/wp\/v2\/pages"}],"about":[{"href":"http:\/\/sored.es\/es\/wp-json\/wp\/v2\/types\/page"}],"author":[{"embeddable":true,"href":"http:\/\/sored.es\/es\/wp-json\/wp\/v2\/users\/1"}],"replies":[{"embeddable":true,"href":"http:\/\/sored.es\/es\/wp-json\/wp\/v2\/comments?post=3"}],"version-history":[{"count":19,"href":"http:\/\/sored.es\/es\/wp-json\/wp\/v2\/pages\/3\/revisions"}],"predecessor-version":[{"id":14267,"href":"http:\/\/sored.es\/es\/wp-json\/wp\/v2\/pages\/3\/revisions\/14267"}],"wp:featuredmedia":[{"embeddable":true,"href":"http:\/\/sored.es\/es\/wp-json\/wp\/v2\/media\/14244"}],"wp:attachment":[{"href":"http:\/\/sored.es\/es\/wp-json\/wp\/v2\/media?parent=3"}],"curies":[{"name":"wp","href":"https:\/\/api.w.org\/{rel}","templated":true}]}}